{"id":19,"date":"2019-10-21T21:49:58","date_gmt":"2019-10-22T00:49:58","guid":{"rendered":"https:\/\/patagonia-trashumante.com\/?page_id=19"},"modified":"2025-07-16T15:28:28","modified_gmt":"2025-07-16T18:28:28","slug":"local","status":"publish","type":"page","link":"https:\/\/patagonia-trashumante.com\/index.php\/local\/","title":{"rendered":"Local"},"content":{"rendered":"<div id=\"local\" class=\"container-fluid no-padding\">\n<div class=\"row no-gutters bg-light-gray\">\n<div class=\"col-md-6\">\n<div class=\"local\">\n<div class=\"col-md-8 offset-md-2 text-center box\"><img decoding=\"async\" src=\"https:\/\/patagonia-trashumante.com\/wp-content\/uploads\/2019\/10\/logo-local.png\" alt=\"logo Local\" \/><\/div>\n<\/div>\n<\/div>\n<div class=\"col-md-6\">\n<div class=\"intro-local\">\n<h2 class=\"title text-black\">Experiencia Local.<\/h2>\n<p><strong>Trashumante Fly Fishing<\/strong>, Truchas del Norte Neuquino adopta su nombre apoy\u00e1ndose en la identidad cultural del Norte Neuquino, desarrollando su principal actividad de guiadas de pesca con mosca en coincidencia con la &#8220;trashumancia&#8221; tradicional desarrollada por los &#8220;crianceros&#8221;, que consiste en el traslado de los animales de pastoreo hacia los campos de veranada, enclavados en los valles y monta\u00f1as de la cordillera neuquina.<\/p>\n<p>Esta forma de producci\u00f3n extensiva hizo del norte neuquino un lugar muy pr\u00edstino y a veces inaccesible, lo que otorga a la pesca con mosca en nuestro territorio en una verdadera aventura de descubrimiento donde muchas veces nos preguntamos si somos nosotros los primeros en desarrollar nuestro arte en extensos cursos de agua.<\/p>\n<\/div>\n<\/div>\n<\/div>\n<section id=\"services\" class=\"bg-light-green\">\n<div class=\"row no-gutters text-center\">\n<div class=\"col-sm-6 col-md-3\">\n<p><img loading=\"lazy\" decoding=\"async\" class=\"alignnone size-full wp-image-53\" src=\"https:\/\/patagonia-trashumante.com\/wp-content\/uploads\/2019\/10\/service-icon-fish.jpg\" alt=\"\" width=\"100\" height=\"100\" \/><\/p>\n<h3 class=\"title\">Diversi\u00f3n<\/h3>\n<p>Muchas oportunidades de capturas tanto para los novatos que hacen sus primeras armas como para los m\u00e1s experimentados que ponen a prueba sus habilidades y destrezas puntuales<\/p>\n<\/div>\n<div class=\"col-sm-6 col-md-3\">\n<p><img loading=\"lazy\" decoding=\"async\" class=\"alignnone size-full wp-image-55\" src=\"https:\/\/patagonia-trashumante.com\/wp-content\/uploads\/2019\/10\/service-icon-mountain.jpg\" alt=\"\" width=\"100\" height=\"100\" \/><\/p>\n<h3 class=\"title\">Paisajes \u00fanicos<\/h3>\n<p>Valles glaciarios, r\u00edos de monta\u00f1a y de meseta patag\u00f3nica, arroyos, springcreeks y freestones; lagos y lagunas enclavadas en una naturaleza muy particular. Hay que venir a verlo para descubrirlo<\/p>\n<\/div>\n<div class=\"col-sm-6 col-md-3\">\n<p><img loading=\"lazy\" decoding=\"async\" class=\"alignnone size-full wp-image-54\" src=\"https:\/\/patagonia-trashumante.com\/wp-content\/uploads\/2019\/10\/service-icon-map.jpg\" alt=\"\" width=\"100\" height=\"100\" \/><\/p>\n<h3 class=\"title\">Presi\u00f3n de pesca<\/h3>\n<p>Baja o nula, las distancias, el ripio, y escaso desarrollo tur\u00edstico y poblacional de la zona han mantenido intactas las caracter\u00edsticas y salud de sus principales cursos de agua, quedando ajenas las conglomeraci\u00f3n de pescadores de todo tipo<\/p>\n<\/div>\n<div class=\"col-sm-6 col-md-3\">\n<p><img loading=\"lazy\" decoding=\"async\" class=\"alignnone size-full wp-image-56\" src=\"https:\/\/patagonia-trashumante.com\/wp-content\/uploads\/2019\/10\/service-icon-three.jpg\" alt=\"\" width=\"100\" height=\"100\" \/><\/p>\n<h3 class=\"title\">Aventura<\/h3>\n<p>Pesque en lugares \u00fanicos y fuera del radar donde podr\u00e1 sorprenderse por la salud de la fauna ict\u00edcola local y su entorno y por que no llevarse una sorpresa con un gran &#8220;trofeo&#8221; en un lugar cuasi desconocido<\/p>\n<\/div>\n<\/div>\n<\/section>\n<section id=\"gallery\"><style>#jtg-38 .modula-item .jtg-social a { color: #ffffff }#jtg-38 .modula-item .caption { background-color: #ffffff;  }#jtg-38 .modula-item .figc {color:#ffffff;}#jtg-38 .modula-item { transform: scale(1); }#jtg-38 .modula-items .figc p.description { color:#ffffff;font-size:14px; }#jtg-38 .modula-items .figc .jtg-title { color:#ffffff; }@media screen and (max-width:480px){#jtg-38 .modula-item .figc .jtg-title {  font-size: 12px; }#jtg-38 .modula-items .figc p.description { color:#ffffff;font-size:10px; }}<\/style>\n<div id=\"jtg-38\" class=\"modula modula-gallery \" data-config=\"{&quot;margin&quot;:10,&quot;enableTwitter&quot;:false,&quot;enableFacebook&quot;:false,&quot;enablePinterest&quot;:false,&quot;enableLinkedin&quot;:false,&quot;randomFactor&quot;:0.5,&quot;type&quot;:&quot;custom-grid&quot;,&quot;columns&quot;:12,&quot;gutter&quot;:0,&quot;enableResponsive&quot;:&quot;1&quot;,&quot;tabletColumns&quot;:&quot;3&quot;,&quot;mobileColumns&quot;:&quot;2&quot;,&quot;lazyLoad&quot;:&quot;0&quot;}\">\n\n\t\n\t<div class='modula-items'>\n\t\t<div class=\"modula-item effect-pufrobo\" data-width=\"7\" data-height=\"4\" >\n\n\t\n\t\t\t<a href=\"https:\/\/patagonia-trashumante.com\/wp-content\/uploads\/2025\/06\/Copilot_20250614_172256.png\" title=\"\" data-title=\"\" data-lightbox=\"jtg-38\" class=\"tile-inner\"><\/a>\n\t\n\t\n\t<img decoding=\"async\" class='pic' data-valign=\"middle\" data-halign=\"center\" alt=\"\" src=\"https:\/\/patagonia-trashumante.com\/wp-content\/uploads\/2025\/06\/Copilot_20250614_172256-3500x2000.png\" data-src=\"https:\/\/patagonia-trashumante.com\/wp-content\/uploads\/2025\/06\/Copilot_20250614_172256-3500x2000.png\"\/>\n\n\t\n\t<div class=\"figc no-title no-description\">\n\t\t<div class=\"figc-inner\">\n\t\t\t\t\t\t\t<h2 class='jtg-title'><\/h2>\n\t\t\t\t\t\t\t\t\t\t<p class=\"description\"><\/p>\n\t\t\t\t\t\t\t\t\t<div class=\"jtg-social\">\n\t\t\t\t\t\t\t\t\t\t\t\t\t\t\t\t\t\t\t<\/div>\n\t\t\t\t\t<\/div>\n\t<\/div>\n<\/div><div class=\"modula-item effect-pufrobo\" data-width=\"5\" data-height=\"4\" >\n\n\t\n\t\t\t<a href=\"https:\/\/patagonia-trashumante.com\/wp-content\/uploads\/2019\/12\/IMG-20191217-WA0024-2.jpg\" title=\"\" data-title=\"\" data-lightbox=\"jtg-38\" class=\"tile-inner\"><\/a>\n\t\n\t\n\t<img decoding=\"async\" class='pic' data-valign=\"middle\" data-halign=\"center\" alt=\"\" src=\"https:\/\/patagonia-trashumante.com\/wp-content\/uploads\/2019\/12\/IMG-20191217-WA0024-2-2500x2000.jpg\" data-src=\"https:\/\/patagonia-trashumante.com\/wp-content\/uploads\/2019\/12\/IMG-20191217-WA0024-2-2500x2000.jpg\"\/>\n\n\t\n\t<div class=\"figc no-title no-description\">\n\t\t<div class=\"figc-inner\">\n\t\t\t\t\t\t\t<h2 class='jtg-title'><\/h2>\n\t\t\t\t\t\t\t\t\t\t<p class=\"description\"><\/p>\n\t\t\t\t\t\t\t\t\t<div class=\"jtg-social\">\n\t\t\t\t\t\t\t\t\t\t\t\t\t\t\t\t\t\t\t<\/div>\n\t\t\t\t\t<\/div>\n\t<\/div>\n<\/div><div class=\"modula-item effect-pufrobo\" data-width=\"3\" data-height=\"4\" >\n\n\t\n\t\t\t<a href=\"https:\/\/patagonia-trashumante.com\/wp-content\/uploads\/2019\/10\/WhatsApp-Image-2019-06-07-at-18.09.54.jpeg\" title=\"\" data-title=\"\" data-lightbox=\"jtg-38\" class=\"tile-inner\"><\/a>\n\t\n\t\n\t<img decoding=\"async\" class='pic' data-valign=\"middle\" data-halign=\"center\" alt=\"\" src=\"https:\/\/patagonia-trashumante.com\/wp-content\/uploads\/2019\/10\/WhatsApp-Image-2019-06-07-at-18.09.54-1500x2000.jpeg\" data-src=\"https:\/\/patagonia-trashumante.com\/wp-content\/uploads\/2019\/10\/WhatsApp-Image-2019-06-07-at-18.09.54-1500x2000.jpeg\"\/>\n\n\t\n\t<div class=\"figc no-title no-description\">\n\t\t<div class=\"figc-inner\">\n\t\t\t\t\t\t\t<h2 class='jtg-title'><\/h2>\n\t\t\t\t\t\t\t\t\t\t<p class=\"description\"><\/p>\n\t\t\t\t\t\t\t\t\t<div class=\"jtg-social\">\n\t\t\t\t\t\t\t\t\t\t\t\t\t\t\t\t\t\t\t<\/div>\n\t\t\t\t\t<\/div>\n\t<\/div>\n<\/div><div class=\"modula-item effect-pufrobo\" data-width=\"9\" data-height=\"4\" >\n\n\t\n\t\t\t<a href=\"https:\/\/patagonia-trashumante.com\/wp-content\/uploads\/2024\/05\/20240125_175819-1.jpg\" title=\"\" data-title=\"\" data-lightbox=\"jtg-38\" class=\"tile-inner\"><\/a>\n\t\n\t\n\t<img decoding=\"async\" class='pic' data-valign=\"middle\" data-halign=\"center\" alt=\"\" src=\"https:\/\/patagonia-trashumante.com\/wp-content\/uploads\/2024\/05\/20240125_175819-1-4500x2000.jpg\" data-src=\"https:\/\/patagonia-trashumante.com\/wp-content\/uploads\/2024\/05\/20240125_175819-1-4500x2000.jpg\"\/>\n\n\t\n\t<div class=\"figc no-title no-description\">\n\t\t<div class=\"figc-inner\">\n\t\t\t\t\t\t\t<h2 class='jtg-title'><\/h2>\n\t\t\t\t\t\t\t\t\t\t<p class=\"description\"><\/p>\n\t\t\t\t\t\t\t\t\t<div class=\"jtg-social\">\n\t\t\t\t\t\t\t\t\t\t\t\t\t\t\t\t\t\t\t<\/div>\n\t\t\t\t\t<\/div>\n\t<\/div>\n<\/div><div class=\"modula-item effect-pufrobo\" data-width=\"3\" data-height=\"4\" >\n\n\t\n\t\t\t<a href=\"https:\/\/patagonia-trashumante.com\/wp-content\/uploads\/2019\/11\/1510097534332.jpg\" title=\"\" data-title=\"\" data-lightbox=\"jtg-38\" class=\"tile-inner\"><\/a>\n\t\n\t\n\t<img decoding=\"async\" class='pic' data-valign=\"middle\" data-halign=\"center\" alt=\"\" src=\"https:\/\/patagonia-trashumante.com\/wp-content\/uploads\/2019\/11\/1510097534332-1500x2000.jpg\" data-src=\"https:\/\/patagonia-trashumante.com\/wp-content\/uploads\/2019\/11\/1510097534332-1500x2000.jpg\"\/>\n\n\t\n\t<div class=\"figc no-title no-description\">\n\t\t<div class=\"figc-inner\">\n\t\t\t\t\t\t\t<h2 class='jtg-title'><\/h2>\n\t\t\t\t\t\t\t\t\t\t<p class=\"description\"><\/p>\n\t\t\t\t\t\t\t\t\t<div class=\"jtg-social\">\n\t\t\t\t\t\t\t\t\t\t\t\t\t\t\t\t\t\t\t<\/div>\n\t\t\t\t\t<\/div>\n\t<\/div>\n<\/div><div class=\"modula-item effect-pufrobo\" data-width=\"9\" data-height=\"4\" >\n\n\t\n\t\t\t<a href=\"https:\/\/patagonia-trashumante.com\/wp-content\/uploads\/2019\/10\/WhatsApp-Image-2019-06-07-at-19.26.14.jpeg\" title=\"\" data-title=\"\" data-lightbox=\"jtg-38\" class=\"tile-inner\"><\/a>\n\t\n\t\n\t<img decoding=\"async\" class='pic' data-valign=\"middle\" data-halign=\"center\" alt=\"\" src=\"https:\/\/patagonia-trashumante.com\/wp-content\/uploads\/2019\/10\/WhatsApp-Image-2019-06-07-at-19.26.14-4500x2000.jpeg\" data-src=\"https:\/\/patagonia-trashumante.com\/wp-content\/uploads\/2019\/10\/WhatsApp-Image-2019-06-07-at-19.26.14-4500x2000.jpeg\"\/>\n\n\t\n\t<div class=\"figc no-title no-description\">\n\t\t<div class=\"figc-inner\">\n\t\t\t\t\t\t\t<h2 class='jtg-title'><\/h2>\n\t\t\t\t\t\t\t\t\t\t<p class=\"description\"><\/p>\n\t\t\t\t\t\t\t\t\t<div class=\"jtg-social\">\n\t\t\t\t\t\t\t\t\t\t\t\t\t\t\t\t\t\t\t<\/div>\n\t\t\t\t\t<\/div>\n\t<\/div>\n<\/div><div class=\"modula-item effect-pufrobo\" data-width=\"6\" data-height=\"5\" >\n\n\t\n\t\t\t<a href=\"https:\/\/patagonia-trashumante.com\/wp-content\/uploads\/2019\/12\/IMG-20191217-WA0018-1.jpg\" title=\"\" data-title=\"\" data-lightbox=\"jtg-38\" class=\"tile-inner\"><\/a>\n\t\n\t\n\t<img decoding=\"async\" class='pic' data-valign=\"middle\" data-halign=\"center\" alt=\"\" src=\"https:\/\/patagonia-trashumante.com\/wp-content\/uploads\/2019\/12\/IMG-20191217-WA0018-1-3000x2500.jpg\" data-src=\"https:\/\/patagonia-trashumante.com\/wp-content\/uploads\/2019\/12\/IMG-20191217-WA0018-1-3000x2500.jpg\"\/>\n\n\t\n\t<div class=\"figc no-title no-description\">\n\t\t<div class=\"figc-inner\">\n\t\t\t\t\t\t\t<h2 class='jtg-title'><\/h2>\n\t\t\t\t\t\t\t\t\t\t<p class=\"description\"><\/p>\n\t\t\t\t\t\t\t\t\t<div class=\"jtg-social\">\n\t\t\t\t\t\t\t\t\t\t\t\t\t\t\t\t\t\t\t<\/div>\n\t\t\t\t\t<\/div>\n\t<\/div>\n<\/div><div class=\"modula-item effect-pufrobo\" data-width=\"6\" data-height=\"5\" >\n\n\t\n\t\t\t<a href=\"https:\/\/patagonia-trashumante.com\/wp-content\/uploads\/2023\/05\/IMG_20230217_124652_749.jpg\" title=\"\" data-title=\"\" data-lightbox=\"jtg-38\" class=\"tile-inner\"><\/a>\n\t\n\t\n\t<img decoding=\"async\" class='pic' data-valign=\"middle\" data-halign=\"center\" alt=\"\" src=\"https:\/\/patagonia-trashumante.com\/wp-content\/uploads\/2023\/05\/IMG_20230217_124652_749-3000x2500.jpg\" data-src=\"https:\/\/patagonia-trashumante.com\/wp-content\/uploads\/2023\/05\/IMG_20230217_124652_749-3000x2500.jpg\"\/>\n\n\t\n\t<div class=\"figc no-title no-description\">\n\t\t<div class=\"figc-inner\">\n\t\t\t\t\t\t\t<h2 class='jtg-title'><\/h2>\n\t\t\t\t\t\t\t\t\t\t<p class=\"description\"><\/p>\n\t\t\t\t\t\t\t\t\t<div class=\"jtg-social\">\n\t\t\t\t\t\t\t\t\t\t\t\t\t\t\t\t\t\t\t<\/div>\n\t\t\t\t\t<\/div>\n\t<\/div>\n<\/div><div class=\"modula-item effect-pufrobo\" data-width=\"4\" data-height=\"7\" >\n\n\t\n\t\t\t<a href=\"https:\/\/patagonia-trashumante.com\/wp-content\/uploads\/2019\/11\/DSC7900-1.jpg\" title=\"\" data-title=\"\" data-lightbox=\"jtg-38\" class=\"tile-inner\"><\/a>\n\t\n\t\n\t<img decoding=\"async\" class='pic' data-valign=\"middle\" data-halign=\"center\" alt=\"\" src=\"https:\/\/patagonia-trashumante.com\/wp-content\/uploads\/2019\/11\/DSC7900-1-2000x3500.jpg\" data-src=\"https:\/\/patagonia-trashumante.com\/wp-content\/uploads\/2019\/11\/DSC7900-1-2000x3500.jpg\"\/>\n\n\t\n\t<div class=\"figc no-title no-description\">\n\t\t<div class=\"figc-inner\">\n\t\t\t\t\t\t\t<h2 class='jtg-title'><\/h2>\n\t\t\t\t\t\t\t\t\t\t<p class=\"description\"><\/p>\n\t\t\t\t\t\t\t\t\t<div class=\"jtg-social\">\n\t\t\t\t\t\t\t\t\t\t\t\t\t\t\t\t\t\t\t<\/div>\n\t\t\t\t\t<\/div>\n\t<\/div>\n<\/div><div class=\"modula-item effect-pufrobo\" data-width=\"8\" data-height=\"7\" >\n\n\t\n\t\t\t<a href=\"https:\/\/patagonia-trashumante.com\/wp-content\/uploads\/2021\/03\/20210305_152823.jpg\" title=\"\" data-title=\"\" data-lightbox=\"jtg-38\" class=\"tile-inner\"><\/a>\n\t\n\t\n\t<img decoding=\"async\" class='pic' data-valign=\"middle\" data-halign=\"center\" alt=\"\" src=\"https:\/\/patagonia-trashumante.com\/wp-content\/uploads\/2021\/03\/20210305_152823-4000x3500.jpg\" data-src=\"https:\/\/patagonia-trashumante.com\/wp-content\/uploads\/2021\/03\/20210305_152823-4000x3500.jpg\"\/>\n\n\t\n\t<div class=\"figc no-title no-description\">\n\t\t<div class=\"figc-inner\">\n\t\t\t\t\t\t\t<h2 class='jtg-title'><\/h2>\n\t\t\t\t\t\t\t\t\t\t<p class=\"description\"><\/p>\n\t\t\t\t\t\t\t\t\t<div class=\"jtg-social\">\n\t\t\t\t\t\t\t\t\t\t\t\t\t\t\t\t\t\t\t<\/div>\n\t\t\t\t\t<\/div>\n\t<\/div>\n<\/div><div class=\"modula-item effect-pufrobo\" data-width=\"3\" data-height=\"11\" >\n\n\t\n\t\t\t<a href=\"https:\/\/patagonia-trashumante.com\/wp-content\/uploads\/2019\/12\/FB_IMG_1573302914562.jpg\" title=\"\" data-title=\"\" data-lightbox=\"jtg-38\" class=\"tile-inner\"><\/a>\n\t\n\t\n\t<img decoding=\"async\" class='pic' data-valign=\"middle\" data-halign=\"center\" alt=\"\" src=\"https:\/\/patagonia-trashumante.com\/wp-content\/uploads\/2019\/12\/FB_IMG_1573302914562-1500x5500.jpg\" data-src=\"https:\/\/patagonia-trashumante.com\/wp-content\/uploads\/2019\/12\/FB_IMG_1573302914562-1500x5500.jpg\"\/>\n\n\t\n\t<div class=\"figc no-title no-description\">\n\t\t<div class=\"figc-inner\">\n\t\t\t\t\t\t\t<h2 class='jtg-title'><\/h2>\n\t\t\t\t\t\t\t\t\t\t<p class=\"description\"><\/p>\n\t\t\t\t\t\t\t\t\t<div class=\"jtg-social\">\n\t\t\t\t\t\t\t\t\t\t\t\t\t\t\t\t\t\t\t<\/div>\n\t\t\t\t\t<\/div>\n\t<\/div>\n<\/div><div class=\"modula-item effect-pufrobo\" data-width=\"9\" data-height=\"6\" >\n\n\t\n\t\t\t<a href=\"https:\/\/patagonia-trashumante.com\/wp-content\/uploads\/2019\/12\/IMG-20190830-WA0007-1.jpg\" title=\"\" data-title=\"\" data-lightbox=\"jtg-38\" class=\"tile-inner\"><\/a>\n\t\n\t\n\t<img decoding=\"async\" class='pic' data-valign=\"middle\" data-halign=\"center\" alt=\"\" src=\"https:\/\/patagonia-trashumante.com\/wp-content\/uploads\/2019\/12\/IMG-20190830-WA0007-1-4500x3000.jpg\" data-src=\"https:\/\/patagonia-trashumante.com\/wp-content\/uploads\/2019\/12\/IMG-20190830-WA0007-1-4500x3000.jpg\"\/>\n\n\t\n\t<div class=\"figc no-title no-description\">\n\t\t<div class=\"figc-inner\">\n\t\t\t\t\t\t\t<h2 class='jtg-title'><\/h2>\n\t\t\t\t\t\t\t\t\t\t<p class=\"description\"><\/p>\n\t\t\t\t\t\t\t\t\t<div class=\"jtg-social\">\n\t\t\t\t\t\t\t\t\t\t\t\t\t\t\t\t\t\t\t<\/div>\n\t\t\t\t\t<\/div>\n\t<\/div>\n<\/div><div class=\"modula-item effect-pufrobo\" data-width=\"9\" data-height=\"5\" >\n\n\t\n\t\t\t<a href=\"https:\/\/patagonia-trashumante.com\/wp-content\/uploads\/2023\/05\/IMG_20220418_193640_739.jpg\" title=\"\" data-title=\"\" data-lightbox=\"jtg-38\" class=\"tile-inner\"><\/a>\n\t\n\t\n\t<img decoding=\"async\" class='pic' data-valign=\"middle\" data-halign=\"center\" alt=\"\" src=\"https:\/\/patagonia-trashumante.com\/wp-content\/uploads\/2023\/05\/IMG_20220418_193640_739-4500x2500.jpg\" data-src=\"https:\/\/patagonia-trashumante.com\/wp-content\/uploads\/2023\/05\/IMG_20220418_193640_739-4500x2500.jpg\"\/>\n\n\t\n\t<div class=\"figc no-title no-description\">\n\t\t<div class=\"figc-inner\">\n\t\t\t\t\t\t\t<h2 class='jtg-title'><\/h2>\n\t\t\t\t\t\t\t\t\t\t<p class=\"description\"><\/p>\n\t\t\t\t\t\t\t\t\t<div class=\"jtg-social\">\n\t\t\t\t\t\t\t\t\t\t\t\t\t\t\t\t\t\t\t<\/div>\n\t\t\t\t\t<\/div>\n\t<\/div>\n<\/div><div class=\"modula-item effect-pufrobo\" data-width=\"12\" data-height=\"7\" >\n\n\t\n\t\t\t<a href=\"https:\/\/patagonia-trashumante.com\/wp-content\/uploads\/2019\/10\/05.jpg\" title=\"\" data-title=\"\" data-lightbox=\"jtg-38\" class=\"tile-inner\"><\/a>\n\t\n\t\n\t<img decoding=\"async\" class='pic' data-valign=\"middle\" data-halign=\"left\" alt=\"\" src=\"https:\/\/patagonia-trashumante.com\/wp-content\/uploads\/2019\/10\/05-6000x3500.jpg\" data-src=\"https:\/\/patagonia-trashumante.com\/wp-content\/uploads\/2019\/10\/05-6000x3500.jpg\"\/>\n\n\t\n\t<div class=\"figc no-title no-description\">\n\t\t<div class=\"figc-inner\">\n\t\t\t\t\t\t\t<h2 class='jtg-title'><\/h2>\n\t\t\t\t\t\t\t\t\t\t<p class=\"description\"><\/p>\n\t\t\t\t\t\t\t\t\t<div class=\"jtg-social\">\n\t\t\t\t\t\t\t\t\t\t\t\t\t\t\t\t\t\t\t<\/div>\n\t\t\t\t\t<\/div>\n\t<\/div>\n<\/div><div class=\"modula-item effect-pufrobo\" data-width=\"12\" data-height=\"5\" >\n\n\t\n\t\t\t<a href=\"https:\/\/patagonia-trashumante.com\/wp-content\/uploads\/2025\/06\/A7402711-1-1-scaled.jpg\" title=\"\" data-title=\"\" data-lightbox=\"jtg-38\" class=\"tile-inner\"><\/a>\n\t\n\t\n\t<img decoding=\"async\" class='pic' data-valign=\"middle\" data-halign=\"center\" alt=\"\" src=\"https:\/\/patagonia-trashumante.com\/wp-content\/uploads\/2025\/06\/A7402711-1-1-scaled-6000x2500.jpg\" data-src=\"https:\/\/patagonia-trashumante.com\/wp-content\/uploads\/2025\/06\/A7402711-1-1-scaled-6000x2500.jpg\"\/>\n\n\t\n\t<div class=\"figc no-title no-description\">\n\t\t<div class=\"figc-inner\">\n\t\t\t\t\t\t\t<h2 class='jtg-title'><\/h2>\n\t\t\t\t\t\t\t\t\t\t<p class=\"description\"><\/p>\n\t\t\t\t\t\t\t\t\t<div class=\"jtg-social\">\n\t\t\t\t\t\t\t\t\t\t\t\t\t\t\t\t\t\t\t<\/div>\n\t\t\t\t\t<\/div>\n\t<\/div>\n<\/div>\t<\/div>\n\n\t\n<\/div><\/section>\n<section id=\"video\" class=\"bg-light-green\">\n<div class=\"row no-gutters\">\n<div class=\"col-md-6\">\n<div style=\"margin:0px auto; max-width:px\">\r\n<video class=\"player34\"  \r\ncontrols \r\nloop \r\n poster=\"\" \r\n >\r\n <source src=\"https:\/\/patagonia-trashumante.com\/wp-content\/uploads\/2024\/05\/Voyage-de-p\u00eache-\u00e0-la-mouche-en-Patagonie-Argentine-Fly-Fishing-Trip-in-Patagonia-Argentina.mp4\" type=\"video\/mp4\">\r\n  Your browser does not support the video tag.\r\n<\/video>\r\n<script type=\"text\/javascript\">\r\n\r\nconst players34 = Plyr.setup('.player34', {\r\n\tcontrols:['play-large', 'play', 'progress', 'current-time', 'mute', 'volume', 'captions', 'settings', 'pip', 'airplay', 'fullscreen', 'download']\r\n});\r\n<\/script>\r\n<\/div>\r\n\n<\/div>\n<div class=\"col-md-6\">\n<div class=\"content\">\n<h2><\/h2>\n<h2><\/h2>\n<h2><\/h2>\n<h2><\/h2>\n<h2><\/h2>\n<h2><\/h2>\n<h2><\/h2>\n<h2 class=\"title\">Fly Fishing<\/h2>\n<p>Es muy probable que se conecten de 20 a 30 peces al d\u00eda, incluidas dos, tres o m\u00e1s truchas fuertes y gordas (arcoiris y marrones) de alrededor de 18 a 24 pulgadas de largo. No hay truchas flacas en Patagonia Trashumante. Todos ellos est\u00e1n unidos, hambrientos y dispuestos a comer nuestras moscas.<\/p>\n<p>Puedes atrapar los peces de tu vida en un r\u00edo desconocido y lejano, completamente fuera del radar de las operaciones industriales masivas. No operamos en ninguno de los destinos de pesca cl\u00e1sicos dentro de la Patagonia Norte: r\u00edo Limay, r\u00edo Chimehu\u00edn, r\u00edo Malleo. Con nosotros, se familiarizar\u00e1 con otros nombres como Trocoman, Nahueve, Lileo, Buraleo, Pichi Neuqu\u00e9n, Varvarco y algunos otros.<\/p>\n<p><a href=\"https:\/\/www.youtube.com\/@Patagoniatrashumanteflyfishing\">https:\/\/www.youtube.com\/@Patagoniatrashumanteflyfishing<\/a><\/p>\n<\/div>\n<\/div>\n<\/div>\n<\/section>\n<section id=\"contact\" class=\"bg-light-green\">\n<div class=\"row text-center\">\n<div class=\"col-md-12\">\n<h5>Acompa\u00f1anos y sorprendete!<\/h5>\n<h4 class=\"title\">Gerardo Santos Tsuji<\/h4>\n<h4 class=\"title\">Tel: +54 911 5750 2156<\/h4>\n<p><a>Reserv\u00e1 tu lugar<\/a><\/p>\n<\/div>\n<\/div>\n<\/section>\n<\/div>\n","protected":false},"excerpt":{"rendered":"<p>Experiencia Local. Trashumante Fly Fishing, Truchas del Norte Neuquino adopta su nombre apoy\u00e1ndose en la identidad cultural del Norte Neuquino, desarrollando su principal actividad de guiadas de pesca con mosca en coincidencia con la &#8220;trashumancia&#8221; tradicional desarrollada por los &#8220;crianceros&#8221;, que consiste en el traslado de los animales de pastoreo hacia los campos de veranada, [&hellip;]<\/p>\n","protected":false},"author":1,"featured_media":0,"parent":0,"menu_order":0,"comment_status":"closed","ping_status":"closed","template":"","meta":{"footnotes":""},"class_list":["post-19","page","type-page","status-publish","hentry"],"_links":{"self":[{"href":"https:\/\/patagonia-trashumante.com\/index.php\/wp-json\/wp\/v2\/pages\/19"}],"collection":[{"href":"https:\/\/patagonia-trashumante.com\/index.php\/wp-json\/wp\/v2\/pages"}],"about":[{"href":"https:\/\/patagonia-trashumante.com\/index.php\/wp-json\/wp\/v2\/types\/page"}],"author":[{"embeddable":true,"href":"https:\/\/patagonia-trashumante.com\/index.php\/wp-json\/wp\/v2\/users\/1"}],"replies":[{"embeddable":true,"href":"https:\/\/patagonia-trashumante.com\/index.php\/wp-json\/wp\/v2\/comments?post=19"}],"version-history":[{"count":60,"href":"https:\/\/patagonia-trashumante.com\/index.php\/wp-json\/wp\/v2\/pages\/19\/revisions"}],"predecessor-version":[{"id":30,"href":"https:\/\/patagonia-trashumante.com\/index.php\/wp-json\/wp\/v2\/pages\/19\/revisions\/30"}],"wp:attachment":[{"href":"https:\/\/patagonia-trashumante.com\/index.php\/wp-json\/wp\/v2\/media?parent=19"}],"curies":[{"name":"wp","href":"https:\/\/api.w.org\/{rel}","templated":true}]}}